{"id":5102,"date":"2024-07-29T10:18:02","date_gmt":"2024-07-29T10:18:02","guid":{"rendered":"https:\/\/marisoasis.hr\/oasis-camping\/?page_id=5102"},"modified":"2024-10-31T07:54:58","modified_gmt":"2024-10-31T07:54:58","slug":"ausfluege","status":"publish","type":"page","link":"https:\/\/marisoasis.hr\/oasis-camping\/de\/ausfluege\/","title":{"rendered":"Ausfl\u00fcge"},"content":{"rendered":"\t\t<div data-elementor-type=\"wp-page\" data-elementor-id=\"5102\" class=\"elementor elementor-5102\">\n\t\t\t\t\t\t<section class=\"elementor-section elementor-top-section elementor-element elementor-element-68b50fa elementor-section-height-min-height cs-section-content-fullwidth cs-parallax-on-scroll cs_scroll_y_100 elementor-section-boxed elementor-section-height-default elementor-section-items-middle\" data-id=\"68b50fa\" data-element_type=\"section\" data-settings=\"{&quot;background_background&quot;:&quot;classic&quot;}\" data-cs-parallax-y=\"100\" style=\"background-image: none;\" data-cs-background-image=\"https:\/\/marisoasis.hr\/oasis-camping\/wp-content\/uploads\/2024\/05\/Oasis-Camping-Kamp-Jasenovo-aktivan-odmor-izleti.jpg\">\n\t\t\t\t\t\t\t<div class=\"elementor-background-overlay\"><\/div>\n\t\t\t\t\t\t\t<div class=\"elementor-container elementor-column-gap-no\">\n\t\t\t\t\t<div class=\"elementor-column elementor-col-100 elementor-top-column elementor-element elementor-element-5be4df4a dark-color\" data-id=\"5be4df4a\" data-element_type=\"column\">\n\t\t\t<div class=\"elementor-widget-wrap elementor-element-populated\">\n\t\t\t\t\t\t<div class=\"elementor-element elementor-element-9829639 elementor-widget elementor-widget-cs_title\" data-id=\"9829639\" data-element_type=\"widget\" data-widget_type=\"cs_title.default\">\n\t\t\t\t<div class=\"elementor-widget-container\">\n\t\t\t\t\t\n        <div class=\"cs-title-wrap text-center\">\t            <div class=\"cs-subtitle-wrap\"><span class=\"cs-subtitle color-white\">AUSFL\u00dcGE<\/span><\/div>\t            <h1 class=\"cs-title\">\n\t                Entdecken Sie die Sch\u00f6nheit der Natur\t            <\/h1>        <\/div>\t\t\t\t<\/div>\n\t\t\t\t<\/div>\n\t\t\t\t\t<\/div>\n\t\t<\/div>\n\t\t\t\t\t<\/div>\n\t\t<\/section>\n\t\t\t\t<section class=\"elementor-section elementor-top-section elementor-element elementor-element-4f93f438 elementor-section-boxed elementor-section-height-default elementor-section-height-default\" data-id=\"4f93f438\" data-element_type=\"section\" data-settings=\"{&quot;background_background&quot;:&quot;classic&quot;}\">\n\t\t\t\t\t\t<div class=\"elementor-container elementor-column-gap-no\">\n\t\t\t\t\t<div class=\"elementor-column elementor-col-100 elementor-top-column elementor-element elementor-element-3dac75ed\" data-id=\"3dac75ed\" data-element_type=\"column\">\n\t\t\t<div class=\"elementor-widget-wrap elementor-element-populated\">\n\t\t\t\t\t\t<div class=\"elementor-element elementor-element-9900515 elementor-widget elementor-widget-cs_title\" data-id=\"9900515\" data-element_type=\"widget\" data-widget_type=\"cs_title.default\">\n\t\t\t\t<div class=\"elementor-widget-container\">\n\t\t\t\t\t\n        <div class=\"cs-title-wrap text-center\">\t            <div class=\"cs-subtitle-wrap\"><span class=\"cs-subtitle color-primary\">\n<\/span><\/div>\t            <h2 class=\"cs-title\">\n\t                Abenteuer in der Natur\t            <\/h2>\t            <div class=\"cs-title-text\">\n\t                <p>Wir laden Sie zu einzigartigen Naturreisen ein, die Ihr Bed\u00fcrfnis nach Erkundung und Entspannung stillen. Unsere sorgf\u00e4ltig ausgew\u00e4hlten Touren f\u00fchren Sie zu einigen der sch\u00f6nsten und aufregendsten Naturziele der Region. Ob Sie sich f\u00fcr einen Adrenalin-Ausflug durch die \u010cikola-Schlucht oder einen ruhigen Spaziergang durch den Naturpark Dinara entscheiden, jeder Ausflug bietet ein einzigartiges Erlebnis und die M\u00f6glichkeit, unvergessliche Erinnerungen zu schaffen.<\/p>\t            <\/div>        <\/div>\t\t\t\t<\/div>\n\t\t\t\t<\/div>\n\t\t\t\t\t<\/div>\n\t\t<\/div>\n\t\t\t\t\t<\/div>\n\t\t<\/section>\n\t\t\t\t<section class=\"elementor-section elementor-top-section elementor-element elementor-element-5351065 elementor-section-content-top cs-animation-small-offset elementor-section-boxed elementor-section-height-default elementor-section-height-default elementor-invisible\" data-id=\"5351065\" data-element_type=\"section\" data-settings=\"{&quot;animation&quot;:&quot;fadeInUp&quot;,&quot;animation_delay&quot;:300}\">\n\t\t\t\t\t\t<div class=\"elementor-container elementor-column-gap-wide\">\n\t\t\t\t\t<div class=\"elementor-column elementor-col-50 elementor-top-column elementor-element elementor-element-765d95c\" data-id=\"765d95c\" data-element_type=\"column\">\n\t\t\t<div class=\"elementor-widget-wrap elementor-element-populated\">\n\t\t\t\t\t\t<div class=\"elementor-element elementor-element-5c6e901 elementor-widget elementor-widget-cs_call_to_action\" data-id=\"5c6e901\" data-element_type=\"widget\" data-widget_type=\"cs_call_to_action.default\">\n\t\t\t\t<div class=\"elementor-widget-container\">\n\t\t\t\t\t\n\t\t<div class=\"cs-cta cta-layout-text-normal cta-hover-img-zoom\">\n            <div class=\"cs-cta-wrap\">\t\t                <div class=\"cs-cta-img-wrap\">\n\t\t\t\t\t        <div class=\"cs-cta-img\">\n\t\t\t\t\t            <img fetchpriority=\"high\" decoding=\"async\" width=\"550\" height=\"367\" src=\"https:\/\/marisoasis.hr\/oasis-camping\/wp-content\/uploads\/2024\/05\/Oasis-Camping-Kamp-Jasenovo-aktivan-odmor-cikola-1-550x367.jpg\" class=\"attachment-cozystay_550x9999 size-cozystay_550x9999 wp-image-4741\" alt=\"\" srcset=\"https:\/\/marisoasis.hr\/oasis-camping\/wp-content\/uploads\/2024\/05\/Oasis-Camping-Kamp-Jasenovo-aktivan-odmor-cikola-1-550x367.jpg 550w, https:\/\/marisoasis.hr\/oasis-camping\/wp-content\/uploads\/2024\/05\/Oasis-Camping-Kamp-Jasenovo-aktivan-odmor-cikola-1-300x200.jpg 300w, https:\/\/marisoasis.hr\/oasis-camping\/wp-content\/uploads\/2024\/05\/Oasis-Camping-Kamp-Jasenovo-aktivan-odmor-cikola-1-1024x683.jpg 1024w, https:\/\/marisoasis.hr\/oasis-camping\/wp-content\/uploads\/2024\/05\/Oasis-Camping-Kamp-Jasenovo-aktivan-odmor-cikola-1-768x512.jpg 768w, https:\/\/marisoasis.hr\/oasis-camping\/wp-content\/uploads\/2024\/05\/Oasis-Camping-Kamp-Jasenovo-aktivan-odmor-cikola-1-1536x1024.jpg 1536w, https:\/\/marisoasis.hr\/oasis-camping\/wp-content\/uploads\/2024\/05\/Oasis-Camping-Kamp-Jasenovo-aktivan-odmor-cikola-1-1440x960.jpg 1440w, https:\/\/marisoasis.hr\/oasis-camping\/wp-content\/uploads\/2024\/05\/Oasis-Camping-Kamp-Jasenovo-aktivan-odmor-cikola-1-1200x800.jpg 1200w, https:\/\/marisoasis.hr\/oasis-camping\/wp-content\/uploads\/2024\/05\/Oasis-Camping-Kamp-Jasenovo-aktivan-odmor-cikola-1-780x520.jpg 780w, https:\/\/marisoasis.hr\/oasis-camping\/wp-content\/uploads\/2024\/05\/Oasis-Camping-Kamp-Jasenovo-aktivan-odmor-cikola-1-600x400.jpg 600w, https:\/\/marisoasis.hr\/oasis-camping\/wp-content\/uploads\/2024\/05\/Oasis-Camping-Kamp-Jasenovo-aktivan-odmor-cikola-1-370x247.jpg 370w, https:\/\/marisoasis.hr\/oasis-camping\/wp-content\/uploads\/2024\/05\/Oasis-Camping-Kamp-Jasenovo-aktivan-odmor-cikola-1-255x170.jpg 255w, https:\/\/marisoasis.hr\/oasis-camping\/wp-content\/uploads\/2024\/05\/Oasis-Camping-Kamp-Jasenovo-aktivan-odmor-cikola-1-150x100.jpg 150w, https:\/\/marisoasis.hr\/oasis-camping\/wp-content\/uploads\/2024\/05\/Oasis-Camping-Kamp-Jasenovo-aktivan-odmor-cikola-1.jpg 1920w\" sizes=\"(max-width: 550px) 100vw, 550px\" \/>\t\t\t\t\t        <\/div>\n\t\t\t\t\t        <div class=\"cs-offset-border\"><\/div>\n\t\t\t\t\t\t<\/div>                <div class=\"cs-cta-overlay\"><\/div>\n                <div class=\"cs-cta-content\">\t\t\t\t\t<div class=\"cs-subtitle-wrap\"><span class=\"cs-subtitle color-primary\">AUSFL\u00dcGE<\/span><\/div>\t\t            <h4 class=\"cs-cta-title cs-title\">\n\t\t                Via Ferrata -  \u010cikola-Schlucht\t\t            <\/h4>\t\t            <div class=\"cs-cta-text\">\n\t\t                <p>Via Ferrata bedeutet \u201eEisenweg\u201c \u2013 ein gesicherter Wanderweg, an dem an anspruchsvolleren Stellen Stahlseile, Metallstufen und -klammern angebracht sind.<\/p>\t\t            <\/div>\t                <div class=\"cs-cta-btn\">\n\t                    <a class=\"button cs-btn-color-primary cs-btn-underline cs-btn-with-icon\" role=\"button\" href=\"\/oasis-camping\/de\/via-ferrata-cikola-schlucht\/\">\n\t                        <span class=\"cs-btn-text\">Erkunde mehr<\/span>\t\t\t\t            \t<span class=\"cs-btn-icon icon-arrow\"><\/span>\t                    <\/a>\n\t                <\/div>\t\t\t<\/div>                <a class=\"cs-cta-link\" href=\"\/oasis-camping\/de\/via-ferrata-cikola-schlucht\/\"><\/a>            <\/div>\n        <\/div>\t\t\t\t<\/div>\n\t\t\t\t<\/div>\n\t\t\t\t\t<\/div>\n\t\t<\/div>\n\t\t\t\t<div class=\"elementor-column elementor-col-50 elementor-top-column elementor-element elementor-element-9e96702\" data-id=\"9e96702\" data-element_type=\"column\">\n\t\t\t<div class=\"elementor-widget-wrap elementor-element-populated\">\n\t\t\t\t\t\t<div class=\"elementor-element elementor-element-cf1c33d elementor-widget elementor-widget-cs_call_to_action\" data-id=\"cf1c33d\" data-element_type=\"widget\" data-widget_type=\"cs_call_to_action.default\">\n\t\t\t\t<div class=\"elementor-widget-container\">\n\t\t\t\t\t\n\t\t<div class=\"cs-cta cta-layout-text-normal cta-hover-img-zoom\">\n            <div class=\"cs-cta-wrap\">\t\t                <div class=\"cs-cta-img-wrap\">\n\t\t\t\t\t        <div class=\"cs-cta-img\">\n\t\t\t\t\t            <img decoding=\"async\" width=\"550\" height=\"367\" src=\"https:\/\/marisoasis.hr\/oasis-camping\/wp-content\/uploads\/2024\/05\/Oasis-Camping-Kamp-Jasenovo-aktivan-odmor-pp-dinara3-550x367.jpg\" class=\"attachment-cozystay_550x9999 size-cozystay_550x9999 wp-image-4728\" alt=\"\" srcset=\"https:\/\/marisoasis.hr\/oasis-camping\/wp-content\/uploads\/2024\/05\/Oasis-Camping-Kamp-Jasenovo-aktivan-odmor-pp-dinara3-550x367.jpg 550w, https:\/\/marisoasis.hr\/oasis-camping\/wp-content\/uploads\/2024\/05\/Oasis-Camping-Kamp-Jasenovo-aktivan-odmor-pp-dinara3-300x200.jpg 300w, https:\/\/marisoasis.hr\/oasis-camping\/wp-content\/uploads\/2024\/05\/Oasis-Camping-Kamp-Jasenovo-aktivan-odmor-pp-dinara3-1024x683.jpg 1024w, https:\/\/marisoasis.hr\/oasis-camping\/wp-content\/uploads\/2024\/05\/Oasis-Camping-Kamp-Jasenovo-aktivan-odmor-pp-dinara3-768x512.jpg 768w, https:\/\/marisoasis.hr\/oasis-camping\/wp-content\/uploads\/2024\/05\/Oasis-Camping-Kamp-Jasenovo-aktivan-odmor-pp-dinara3-1536x1024.jpg 1536w, https:\/\/marisoasis.hr\/oasis-camping\/wp-content\/uploads\/2024\/05\/Oasis-Camping-Kamp-Jasenovo-aktivan-odmor-pp-dinara3-1440x960.jpg 1440w, https:\/\/marisoasis.hr\/oasis-camping\/wp-content\/uploads\/2024\/05\/Oasis-Camping-Kamp-Jasenovo-aktivan-odmor-pp-dinara3-1200x800.jpg 1200w, https:\/\/marisoasis.hr\/oasis-camping\/wp-content\/uploads\/2024\/05\/Oasis-Camping-Kamp-Jasenovo-aktivan-odmor-pp-dinara3-780x520.jpg 780w, https:\/\/marisoasis.hr\/oasis-camping\/wp-content\/uploads\/2024\/05\/Oasis-Camping-Kamp-Jasenovo-aktivan-odmor-pp-dinara3-600x400.jpg 600w, https:\/\/marisoasis.hr\/oasis-camping\/wp-content\/uploads\/2024\/05\/Oasis-Camping-Kamp-Jasenovo-aktivan-odmor-pp-dinara3-370x247.jpg 370w, https:\/\/marisoasis.hr\/oasis-camping\/wp-content\/uploads\/2024\/05\/Oasis-Camping-Kamp-Jasenovo-aktivan-odmor-pp-dinara3-255x170.jpg 255w, https:\/\/marisoasis.hr\/oasis-camping\/wp-content\/uploads\/2024\/05\/Oasis-Camping-Kamp-Jasenovo-aktivan-odmor-pp-dinara3-150x100.jpg 150w, https:\/\/marisoasis.hr\/oasis-camping\/wp-content\/uploads\/2024\/05\/Oasis-Camping-Kamp-Jasenovo-aktivan-odmor-pp-dinara3.jpg 1920w\" sizes=\"(max-width: 550px) 100vw, 550px\" \/>\t\t\t\t\t        <\/div>\n\t\t\t\t\t        <div class=\"cs-offset-border\"><\/div>\n\t\t\t\t\t\t<\/div>                <div class=\"cs-cta-overlay\"><\/div>\n                <div class=\"cs-cta-content\">\t\t\t\t\t<div class=\"cs-subtitle-wrap\"><span class=\"cs-subtitle color-primary\">AUSFL\u00dcGE<\/span><\/div>\t\t            <h4 class=\"cs-cta-title cs-title\">\n\t\t                Naturpark Dinara\t\t            <\/h4>\t\t            <div class=\"cs-cta-text\">\n\t\t                <p>W\u00e4hlen Sie eine der 3 sch\u00f6nsten Routen zum h\u00f6chsten Gipfel Kroatiens.<\/p>\t\t            <\/div>\t                <div class=\"cs-cta-btn\">\n\t                    <a class=\"button cs-btn-color-primary cs-btn-underline cs-btn-with-icon\" role=\"button\" href=\"\/oasis-camping\/de\/dinara-naturpark\/\">\n\t                        <span class=\"cs-btn-text\">Erkunde mehr<\/span>\t\t\t\t            \t<span class=\"cs-btn-icon icon-arrow\"><\/span>\t                    <\/a>\n\t                <\/div>\t\t\t<\/div>                <a class=\"cs-cta-link\" href=\"\/oasis-camping\/de\/dinara-naturpark\/\"><\/a>            <\/div>\n        <\/div>\t\t\t\t<\/div>\n\t\t\t\t<\/div>\n\t\t\t\t\t<\/div>\n\t\t<\/div>\n\t\t\t\t\t<\/div>\n\t\t<\/section>\n\t\t\t\t<\/div>\n\t\t","protected":false},"excerpt":{"rendered":"<p>AUSFL\u00dcGE Entdecken Sie die Sch\u00f6nheit der Natur Abenteuer in der Natur Wir laden Sie zu einzigartigen Naturreisen ein, die Ihr Bed\u00fcrfnis nach Erkundung und Entspannung stillen. Unsere sorgf\u00e4ltig ausgew\u00e4hlten Touren f\u00fchren Sie zu einigen der sch\u00f6nsten und aufregendsten Naturziele der Region. Ob Sie sich f\u00fcr einen Adrenalin-Ausflug durch die \u010cikola-Schlucht oder einen ruhigen Spaziergang durch &#8230;<\/p>\n","protected":false},"author":1,"featured_media":0,"parent":0,"menu_order":0,"comment_status":"closed","ping_status":"closed","template":"template-wide-content.php","meta":{"cozystay_single_page_hide_site_header":"","cozystay_single_page_site_header_source":"","cozystay_single_page_custom_site_header":"","cozystay_single_page_custom_sticky_site_header":"","cozystay_single_page_hide_page_title":"on","cozystay_single_page_header_section_size":"","cozystay_single_page_header_background_color":"","cozystay_single_page_header_background_position_x":"center","cozystay_single_page_header_background_position_y":"center","cozystay_single_page_header_background_size":"cover","cozystay_single_page_header_background_repeat":"off","cozystay_single_page_header_background_scroll":"on","cozystay_single_page_header_text_color":"","cozystay_single_page_header_show_breadcrumb":"","cozystay_single_page_site_footer_hide_main":"","cozystay_single_custom_site_footer_main_source":"custom","cozystay_single_custom_site_footer_main":"","cozystay_single_page_site_footer_hide_above":"","cozystay_single_custom_site_footer_above_source":"","cozystay_single_custom_site_footer_above":"","cozystay_single_page_site_footer_hide_instagram":"","cozystay_single_page_site_footer_hide_bottom":"","cozystay_single_custom_mobile_menu_source":"","cozystay_single_custom_mobile_menu":"","cozystay_single_custom_mobile_menu_animation":"","cozystay_single_custom_mobile_menu_width":"","cozystay_single_custom_mobile_menu_custom_width":375,"footnotes":""},"class_list":["post-5102","page","type-page","status-publish","hentry"],"yoast_head":"<!-- This site is optimized with the Yoast SEO plugin v24.8 - https:\/\/yoast.com\/wordpress\/plugins\/seo\/ -->\n<title>Ausfl\u00fcge - Oasis Camping<\/title>\n<meta name=\"description\" content=\"Abenteuer in der Natur. Wir laden Sie zu einzigartigen Naturreisen ein, die Ihr Bed\u00fcrfnis nach Erkundung und Entspannung stillen.\" \/>\n<meta name=\"robots\" content=\"index, follow, max-snippet:-1, max-image-preview:large, max-video-preview:-1\" \/>\n<link rel=\"canonical\" href=\"https:\/\/marisoasis.hr\/oasis-camping\/de\/ausfluege\/\" \/>\n<meta property=\"og:locale\" content=\"hr_HR\" \/>\n<meta property=\"og:type\" content=\"article\" \/>\n<meta property=\"og:title\" content=\"Ausfl\u00fcge - Oasis Camping\" \/>\n<meta property=\"og:description\" content=\"Abenteuer in der Natur. Wir laden Sie zu einzigartigen Naturreisen ein, die Ihr Bed\u00fcrfnis nach Erkundung und Entspannung stillen.\" \/>\n<meta property=\"og:url\" content=\"https:\/\/marisoasis.hr\/oasis-camping\/de\/ausfluege\/\" \/>\n<meta property=\"og:site_name\" content=\"Oasis Camping\" \/>\n<meta property=\"article:modified_time\" content=\"2024-10-31T07:54:58+00:00\" \/>\n<meta property=\"og:image\" content=\"https:\/\/marisoasis.hr\/oasis-camping\/wp-content\/uploads\/2024\/05\/Oasis-Camping-Kamp-Jasenovo-aktivan-odmor-cikola-1-550x367.jpg\" \/>\n<meta name=\"twitter:card\" content=\"summary_large_image\" \/>\n<meta name=\"twitter:label1\" content=\"Procijenjeno vrijeme \u010ditanja\" \/>\n\t<meta name=\"twitter:data1\" content=\"2 minute\" \/>\n<script type=\"application\/ld+json\" class=\"yoast-schema-graph\">{\"@context\":\"https:\/\/schema.org\",\"@graph\":[{\"@type\":\"WebPage\",\"@id\":\"https:\/\/marisoasis.hr\/oasis-camping\/de\/ausfluege\/\",\"url\":\"https:\/\/marisoasis.hr\/oasis-camping\/de\/ausfluege\/\",\"name\":\"Ausfl\u00fcge - Oasis Camping\",\"isPartOf\":{\"@id\":\"https:\/\/marisoasis.hr\/oasis-camping\/#website\"},\"primaryImageOfPage\":{\"@id\":\"https:\/\/marisoasis.hr\/oasis-camping\/de\/ausfluege\/#primaryimage\"},\"image\":{\"@id\":\"https:\/\/marisoasis.hr\/oasis-camping\/de\/ausfluege\/#primaryimage\"},\"thumbnailUrl\":\"https:\/\/marisoasis.hr\/oasis-camping\/wp-content\/uploads\/2024\/05\/Oasis-Camping-Kamp-Jasenovo-aktivan-odmor-cikola-1-550x367.jpg\",\"datePublished\":\"2024-07-29T10:18:02+00:00\",\"dateModified\":\"2024-10-31T07:54:58+00:00\",\"description\":\"Abenteuer in der Natur. Wir laden Sie zu einzigartigen Naturreisen ein, die Ihr Bed\u00fcrfnis nach Erkundung und Entspannung stillen.\",\"breadcrumb\":{\"@id\":\"https:\/\/marisoasis.hr\/oasis-camping\/de\/ausfluege\/#breadcrumb\"},\"inLanguage\":\"hr\",\"potentialAction\":[{\"@type\":\"ReadAction\",\"target\":[\"https:\/\/marisoasis.hr\/oasis-camping\/de\/ausfluege\/\"]}]},{\"@type\":\"ImageObject\",\"inLanguage\":\"hr\",\"@id\":\"https:\/\/marisoasis.hr\/oasis-camping\/de\/ausfluege\/#primaryimage\",\"url\":\"https:\/\/marisoasis.hr\/oasis-camping\/wp-content\/uploads\/2024\/05\/Oasis-Camping-Kamp-Jasenovo-aktivan-odmor-cikola-1.jpg\",\"contentUrl\":\"https:\/\/marisoasis.hr\/oasis-camping\/wp-content\/uploads\/2024\/05\/Oasis-Camping-Kamp-Jasenovo-aktivan-odmor-cikola-1.jpg\",\"width\":1920,\"height\":1280},{\"@type\":\"BreadcrumbList\",\"@id\":\"https:\/\/marisoasis.hr\/oasis-camping\/de\/ausfluege\/#breadcrumb\",\"itemListElement\":[{\"@type\":\"ListItem\",\"position\":1,\"name\":\"Home\",\"item\":\"https:\/\/marisoasis.hr\/oasis-camping\/\"},{\"@type\":\"ListItem\",\"position\":2,\"name\":\"Ausfl\u00fcge\"}]},{\"@type\":\"WebSite\",\"@id\":\"https:\/\/marisoasis.hr\/oasis-camping\/#website\",\"url\":\"https:\/\/marisoasis.hr\/oasis-camping\/\",\"name\":\"Oasis Camping\",\"description\":\"Kamping oaza u srcu Dalmacije\",\"publisher\":{\"@id\":\"https:\/\/marisoasis.hr\/oasis-camping\/#organization\"},\"potentialAction\":[{\"@type\":\"SearchAction\",\"target\":{\"@type\":\"EntryPoint\",\"urlTemplate\":\"https:\/\/marisoasis.hr\/oasis-camping\/?s={search_term_string}\"},\"query-input\":{\"@type\":\"PropertyValueSpecification\",\"valueRequired\":true,\"valueName\":\"search_term_string\"}}],\"inLanguage\":\"hr\"},{\"@type\":\"Organization\",\"@id\":\"https:\/\/marisoasis.hr\/oasis-camping\/#organization\",\"name\":\"Oasis Camping\",\"url\":\"https:\/\/marisoasis.hr\/oasis-camping\/\",\"logo\":{\"@type\":\"ImageObject\",\"inLanguage\":\"hr\",\"@id\":\"https:\/\/marisoasis.hr\/oasis-camping\/#\/schema\/logo\/image\/\",\"url\":\"https:\/\/marisoasis.hr\/oasis-camping\/wp-content\/uploads\/2024\/03\/OASIS_logo-col2.png\",\"contentUrl\":\"https:\/\/marisoasis.hr\/oasis-camping\/wp-content\/uploads\/2024\/03\/OASIS_logo-col2.png\",\"width\":767,\"height\":324,\"caption\":\"Oasis Camping\"},\"image\":{\"@id\":\"https:\/\/marisoasis.hr\/oasis-camping\/#\/schema\/logo\/image\/\"}}]}<\/script>\n<!-- \/ Yoast SEO plugin. -->","yoast_head_json":{"title":"Ausfl\u00fcge - Oasis Camping","description":"Abenteuer in der Natur. Wir laden Sie zu einzigartigen Naturreisen ein, die Ihr Bed\u00fcrfnis nach Erkundung und Entspannung stillen.","robots":{"index":"index","follow":"follow","max-snippet":"max-snippet:-1","max-image-preview":"max-image-preview:large","max-video-preview":"max-video-preview:-1"},"canonical":"https:\/\/marisoasis.hr\/oasis-camping\/de\/ausfluege\/","og_locale":"hr_HR","og_type":"article","og_title":"Ausfl\u00fcge - Oasis Camping","og_description":"Abenteuer in der Natur. Wir laden Sie zu einzigartigen Naturreisen ein, die Ihr Bed\u00fcrfnis nach Erkundung und Entspannung stillen.","og_url":"https:\/\/marisoasis.hr\/oasis-camping\/de\/ausfluege\/","og_site_name":"Oasis Camping","article_modified_time":"2024-10-31T07:54:58+00:00","og_image":[{"url":"https:\/\/marisoasis.hr\/oasis-camping\/wp-content\/uploads\/2024\/05\/Oasis-Camping-Kamp-Jasenovo-aktivan-odmor-cikola-1-550x367.jpg","type":"","width":"","height":""}],"twitter_card":"summary_large_image","twitter_misc":{"Procijenjeno vrijeme \u010ditanja":"2 minute"},"schema":{"@context":"https:\/\/schema.org","@graph":[{"@type":"WebPage","@id":"https:\/\/marisoasis.hr\/oasis-camping\/de\/ausfluege\/","url":"https:\/\/marisoasis.hr\/oasis-camping\/de\/ausfluege\/","name":"Ausfl\u00fcge - Oasis Camping","isPartOf":{"@id":"https:\/\/marisoasis.hr\/oasis-camping\/#website"},"primaryImageOfPage":{"@id":"https:\/\/marisoasis.hr\/oasis-camping\/de\/ausfluege\/#primaryimage"},"image":{"@id":"https:\/\/marisoasis.hr\/oasis-camping\/de\/ausfluege\/#primaryimage"},"thumbnailUrl":"https:\/\/marisoasis.hr\/oasis-camping\/wp-content\/uploads\/2024\/05\/Oasis-Camping-Kamp-Jasenovo-aktivan-odmor-cikola-1-550x367.jpg","datePublished":"2024-07-29T10:18:02+00:00","dateModified":"2024-10-31T07:54:58+00:00","description":"Abenteuer in der Natur. Wir laden Sie zu einzigartigen Naturreisen ein, die Ihr Bed\u00fcrfnis nach Erkundung und Entspannung stillen.","breadcrumb":{"@id":"https:\/\/marisoasis.hr\/oasis-camping\/de\/ausfluege\/#breadcrumb"},"inLanguage":"hr","potentialAction":[{"@type":"ReadAction","target":["https:\/\/marisoasis.hr\/oasis-camping\/de\/ausfluege\/"]}]},{"@type":"ImageObject","inLanguage":"hr","@id":"https:\/\/marisoasis.hr\/oasis-camping\/de\/ausfluege\/#primaryimage","url":"https:\/\/marisoasis.hr\/oasis-camping\/wp-content\/uploads\/2024\/05\/Oasis-Camping-Kamp-Jasenovo-aktivan-odmor-cikola-1.jpg","contentUrl":"https:\/\/marisoasis.hr\/oasis-camping\/wp-content\/uploads\/2024\/05\/Oasis-Camping-Kamp-Jasenovo-aktivan-odmor-cikola-1.jpg","width":1920,"height":1280},{"@type":"BreadcrumbList","@id":"https:\/\/marisoasis.hr\/oasis-camping\/de\/ausfluege\/#breadcrumb","itemListElement":[{"@type":"ListItem","position":1,"name":"Home","item":"https:\/\/marisoasis.hr\/oasis-camping\/"},{"@type":"ListItem","position":2,"name":"Ausfl\u00fcge"}]},{"@type":"WebSite","@id":"https:\/\/marisoasis.hr\/oasis-camping\/#website","url":"https:\/\/marisoasis.hr\/oasis-camping\/","name":"Oasis Camping","description":"Kamping oaza u srcu Dalmacije","publisher":{"@id":"https:\/\/marisoasis.hr\/oasis-camping\/#organization"},"potentialAction":[{"@type":"SearchAction","target":{"@type":"EntryPoint","urlTemplate":"https:\/\/marisoasis.hr\/oasis-camping\/?s={search_term_string}"},"query-input":{"@type":"PropertyValueSpecification","valueRequired":true,"valueName":"search_term_string"}}],"inLanguage":"hr"},{"@type":"Organization","@id":"https:\/\/marisoasis.hr\/oasis-camping\/#organization","name":"Oasis Camping","url":"https:\/\/marisoasis.hr\/oasis-camping\/","logo":{"@type":"ImageObject","inLanguage":"hr","@id":"https:\/\/marisoasis.hr\/oasis-camping\/#\/schema\/logo\/image\/","url":"https:\/\/marisoasis.hr\/oasis-camping\/wp-content\/uploads\/2024\/03\/OASIS_logo-col2.png","contentUrl":"https:\/\/marisoasis.hr\/oasis-camping\/wp-content\/uploads\/2024\/03\/OASIS_logo-col2.png","width":767,"height":324,"caption":"Oasis Camping"},"image":{"@id":"https:\/\/marisoasis.hr\/oasis-camping\/#\/schema\/logo\/image\/"}}]}},"_links":{"self":[{"href":"https:\/\/marisoasis.hr\/oasis-camping\/wp-json\/wp\/v2\/pages\/5102","targetHints":{"allow":["GET"]}}],"collection":[{"href":"https:\/\/marisoasis.hr\/oasis-camping\/wp-json\/wp\/v2\/pages"}],"about":[{"href":"https:\/\/marisoasis.hr\/oasis-camping\/wp-json\/wp\/v2\/types\/page"}],"author":[{"embeddable":true,"href":"https:\/\/marisoasis.hr\/oasis-camping\/wp-json\/wp\/v2\/users\/1"}],"replies":[{"embeddable":true,"href":"https:\/\/marisoasis.hr\/oasis-camping\/wp-json\/wp\/v2\/comments?post=5102"}],"version-history":[{"count":11,"href":"https:\/\/marisoasis.hr\/oasis-camping\/wp-json\/wp\/v2\/pages\/5102\/revisions"}],"predecessor-version":[{"id":6095,"href":"https:\/\/marisoasis.hr\/oasis-camping\/wp-json\/wp\/v2\/pages\/5102\/revisions\/6095"}],"wp:attachment":[{"href":"https:\/\/marisoasis.hr\/oasis-camping\/wp-json\/wp\/v2\/media?parent=5102"}],"curies":[{"name":"wp","href":"https:\/\/api.w.org\/{rel}","templated":true}]}}