{"id":75,"date":"2023-03-24T06:55:22","date_gmt":"2023-03-24T06:55:22","guid":{"rendered":"https:\/\/cozystay.loftocean.com\/mountain-chalet\/?page_id=75"},"modified":"2024-10-31T08:00:03","modified_gmt":"2024-10-31T08:00:03","slug":"kontakt","status":"publish","type":"page","link":"https:\/\/marisoasis.hr\/oasis-camping\/kontakt\/","title":{"rendered":"Kontakt"},"content":{"rendered":"\t\t<div data-elementor-type=\"wp-page\" data-elementor-id=\"75\" class=\"elementor elementor-75\">\n\t\t\t\t\t\t<section class=\"elementor-section elementor-top-section elementor-element elementor-element-767ef7f elementor-section-height-min-height cs-section-content-fullwidth cs-parallax-on-scroll cs_scroll_y_100 elementor-section-boxed elementor-section-height-default elementor-section-items-middle\" data-id=\"767ef7f\" data-element_type=\"section\" data-settings=\"{&quot;background_background&quot;:&quot;classic&quot;}\" data-cs-parallax-y=\"100\" style=\"background-image: none;\" data-cs-background-image=\"https:\/\/marisoasis.hr\/oasis-camping\/wp-content\/uploads\/2024\/04\/Oasis-Camping-Kamp-Jasenovo-kontakt.jpg\">\n\t\t\t\t\t\t\t<div class=\"elementor-background-overlay\"><\/div>\n\t\t\t\t\t\t\t<div class=\"elementor-container elementor-column-gap-no\">\n\t\t\t\t\t<div class=\"elementor-column elementor-col-100 elementor-top-column elementor-element elementor-element-747f71a dark-color\" data-id=\"747f71a\" data-element_type=\"column\">\n\t\t\t<div class=\"elementor-widget-wrap elementor-element-populated\">\n\t\t\t\t\t\t<div class=\"elementor-element elementor-element-6fc2c8d elementor-widget elementor-widget-cs_title\" data-id=\"6fc2c8d\" data-element_type=\"widget\" data-widget_type=\"cs_title.default\">\n\t\t\t\t<div class=\"elementor-widget-container\">\n\t\t\t\t\t\n        <div class=\"cs-title-wrap text-center\">\t            <div class=\"cs-subtitle-wrap\"><span class=\"cs-subtitle color-white\">POTREBAN VAM JE ODMOR? ZA VAS SMO TU!\n<\/span><\/div>\t            <h1 class=\"cs-title\">\n\t                Kontaktirajte nas\t            <\/h1>\t            <div class=\"cs-title-text\">\n\t                Spremni smo po\u017eeljeti Vam dobrodo\u0161licu u na\u0161u prekrasnu Jadransku pri\u010du\t            <\/div>        <\/div>\t\t\t\t<\/div>\n\t\t\t\t<\/div>\n\t\t\t\t\t<\/div>\n\t\t<\/div>\n\t\t\t\t\t<\/div>\n\t\t<\/section>\n\t\t\t\t<section class=\"elementor-section elementor-top-section elementor-element elementor-element-44764146 elementor-section-boxed elementor-section-height-default elementor-section-height-default\" data-id=\"44764146\" data-element_type=\"section\" data-settings=\"{&quot;background_background&quot;:&quot;classic&quot;}\">\n\t\t\t\t\t\t<div class=\"elementor-container elementor-column-gap-no\">\n\t\t\t\t\t<div class=\"elementor-column elementor-col-50 elementor-top-column elementor-element elementor-element-43c4a1ad\" data-id=\"43c4a1ad\" data-element_type=\"column\" data-settings=\"{&quot;background_background&quot;:&quot;classic&quot;}\">\n\t\t\t<div class=\"elementor-widget-wrap elementor-element-populated\">\n\t\t\t\t\t\t<div class=\"elementor-element elementor-element-2445f4fc elementor-widget elementor-widget-spacer\" data-id=\"2445f4fc\" data-element_type=\"widget\" data-widget_type=\"spacer.default\">\n\t\t\t\t<div class=\"elementor-widget-container\">\n\t\t\t\t\t\t\t<div class=\"elementor-spacer\">\n\t\t\t<div class=\"elementor-spacer-inner\"><\/div>\n\t\t<\/div>\n\t\t\t\t\t\t<\/div>\n\t\t\t\t<\/div>\n\t\t\t\t\t<\/div>\n\t\t<\/div>\n\t\t\t\t<div class=\"elementor-column elementor-col-50 elementor-top-column elementor-element elementor-element-4c1eb2f5\" data-id=\"4c1eb2f5\" data-element_type=\"column\" data-settings=\"{&quot;background_background&quot;:&quot;classic&quot;}\">\n\t\t\t<div class=\"elementor-widget-wrap elementor-element-populated\">\n\t\t\t\t\t\t<div class=\"elementor-element elementor-element-36722586 elementor-widget elementor-widget-cs_title\" data-id=\"36722586\" data-element_type=\"widget\" data-widget_type=\"cs_title.default\">\n\t\t\t\t<div class=\"elementor-widget-container\">\n\t\t\t\t\t\n        <div class=\"cs-title-wrap\">\t            <h6 class=\"cs-title\">\n\t                Kontaktirajte nas\t            <\/h6>        <\/div>\t\t\t\t<\/div>\n\t\t\t\t<\/div>\n\t\t\t\t<div class=\"elementor-element elementor-element-781b88fa elementor-widget elementor-widget-cs_list\" data-id=\"781b88fa\" data-element_type=\"widget\" data-widget_type=\"cs_list.default\">\n\t\t\t\t<div class=\"elementor-widget-container\">\n\t\t\t\t\t\n            <ul class=\"cs-list cs-list-type-none with-border\">                <li>                    <span class=\"list-content\">Adresa: Jasenovo 123, \u0160ibenik - \u017dabori\u0107<\/span>                <\/li>                <li>                    <span class=\"list-content\">Kontakt broj: +385 (0) 91 633 30 16<\/span>                        <a class=\"list-link\" href=\"tel:+385916333016\"><\/a>                <\/li>                <li>                    <span class=\"list-content\">Email: info@marisoasis.hr<\/span>                        <a class=\"list-link\" href=\"mailto:info@marisoasis.hr\"><\/a>                <\/li>            <\/ul>\t\t\t\t<\/div>\n\t\t\t\t<\/div>\n\t\t\t\t<div class=\"elementor-element elementor-element-29601437 elementor-widget elementor-widget-cs_title\" data-id=\"29601437\" data-element_type=\"widget\" data-widget_type=\"cs_title.default\">\n\t\t\t\t<div class=\"elementor-widget-container\">\n\t\t\t\t\t\n        <div class=\"cs-title-wrap\">\t            <h6 class=\"cs-title\">\n\t                Po\u0161aljite nam svoj upit\t            <\/h6>        <\/div>\t\t\t\t<\/div>\n\t\t\t\t<\/div>\n\t\t\t\t<div class=\"elementor-element elementor-element-798ea157 elementor-widget elementor-widget-cs_form_cf7\" data-id=\"798ea157\" data-element_type=\"widget\" data-widget_type=\"cs_form_cf7.default\">\n\t\t\t\t<div class=\"elementor-widget-container\">\n\t\t\t\t\t            <div class=\"cs-form-cf7 placeholder-normal\">\n                <div class=\"cs-form-cf7-wrap\">\n<div class=\"wpcf7 no-js\" id=\"wpcf7-f1895-o1\" lang=\"en-US\" dir=\"ltr\" data-wpcf7-id=\"1895\">\n<div class=\"screen-reader-response\"><p role=\"status\" aria-live=\"polite\" aria-atomic=\"true\"><\/p> <ul><\/ul><\/div>\n<form action=\"\/oasis-camping\/wp-json\/wp\/v2\/pages\/75#wpcf7-f1895-o1\" method=\"post\" class=\"wpcf7-form init\" aria-label=\"Contact form\" novalidate=\"novalidate\" data-status=\"init\">\n<div style=\"display: none;\">\n<input type=\"hidden\" name=\"_wpcf7\" value=\"1895\" \/>\n<input type=\"hidden\" name=\"_wpcf7_version\" value=\"6.0.5\" \/>\n<input type=\"hidden\" name=\"_wpcf7_locale\" value=\"en_US\" \/>\n<input type=\"hidden\" name=\"_wpcf7_unit_tag\" value=\"wpcf7-f1895-o1\" \/>\n<input type=\"hidden\" name=\"_wpcf7_container_post\" value=\"0\" \/>\n<input type=\"hidden\" name=\"_wpcf7_posted_data_hash\" value=\"\" \/>\n<\/div>\n<div class=\"uacf7-form-1895 uacf7_auto_cart_1895\"><label> Va\u0161e ime\n    <span class=\"wpcf7-form-control-wrap\" data-name=\"your-name\"><input size=\"40\" maxlength=\"400\" class=\"wpcf7-form-control wpcf7-text wpcf7-validates-as-required\" autocomplete=\"name\" aria-required=\"true\" aria-invalid=\"false\" value=\"\" type=\"text\" name=\"your-name\" \/><\/span> <\/label>\n\n<label style=\"padding-top:20px;\"> Va\u0161 email\n    <span class=\"wpcf7-form-control-wrap\" data-name=\"your-email\"><input size=\"40\" maxlength=\"400\" class=\"wpcf7-form-control wpcf7-email wpcf7-validates-as-required wpcf7-text wpcf7-validates-as-email\" autocomplete=\"email\" aria-required=\"true\" aria-invalid=\"false\" value=\"\" type=\"email\" name=\"your-email\" \/><\/span> <\/label>\n\n<label style=\"padding-top:20px;\"> Predmet\n    <span class=\"wpcf7-form-control-wrap\" data-name=\"your-subject\"><input size=\"40\" maxlength=\"400\" class=\"wpcf7-form-control wpcf7-text wpcf7-validates-as-required\" aria-required=\"true\" aria-invalid=\"false\" value=\"\" type=\"text\" name=\"your-subject\" \/><\/span> <\/label>\n\n<label style=\"padding-top:20px;\"> Poruka\n    <span class=\"wpcf7-form-control-wrap\" data-name=\"your-message\"><textarea cols=\"40\" rows=\"10\" maxlength=\"2000\" class=\"wpcf7-form-control wpcf7-textarea wpcf7-validates-as-required\" aria-required=\"true\" aria-invalid=\"false\" name=\"your-message\"><\/textarea><\/span> <\/label>\n<span id=\"wpcf7-69e68b21ca1c2-wrapper\" class=\"wpcf7-form-control-wrap email-wrap\" style=\"display:none !important; visibility:hidden !important;\"><label for=\"wpcf7-69e68b21ca1c2-field\" class=\"hp-message\">Please leave this field empty.<\/label><input id=\"wpcf7-69e68b21ca1c2-field\"  class=\"wpcf7-form-control wpcf7-text\" type=\"text\" name=\"email\" value=\"\" size=\"40\" tabindex=\"-1\" autocomplete=\"new-password\" \/><\/span><br>\n<input class=\"wpcf7-form-control wpcf7-submit has-spinner\" type=\"submit\" value=\"Po\u0161alji\" \/><br><\/div><div class=\"wpcf7-response-output\" aria-hidden=\"true\"><\/div>\n<\/form>\n<\/div>\n<\/div>\n            <\/div>\t\t\t\t<\/div>\n\t\t\t\t<\/div>\n\t\t\t\t\t<\/div>\n\t\t<\/div>\n\t\t\t\t\t<\/div>\n\t\t<\/section>\n\t\t\t\t<section class=\"elementor-section elementor-top-section elementor-element elementor-element-29247c7 elementor-section-full_width elementor-section-height-default elementor-section-height-default\" data-id=\"29247c7\" data-element_type=\"section\">\n\t\t\t\t\t\t<div class=\"elementor-container elementor-column-gap-no\">\n\t\t\t\t\t<div class=\"elementor-column elementor-col-100 elementor-top-column elementor-element elementor-element-ee27c5e\" data-id=\"ee27c5e\" data-element_type=\"column\">\n\t\t\t<div class=\"elementor-widget-wrap elementor-element-populated\">\n\t\t\t\t\t\t<div class=\"elementor-element elementor-element-520d085 elementor-widget elementor-widget-html\" data-id=\"520d085\" data-element_type=\"widget\" data-widget_type=\"html.default\">\n\t\t\t\t<div class=\"elementor-widget-container\">\n\t\t\t\t\t<iframe src=\"https:\/\/www.google.com\/maps\/embed?pb=!1m18!1m12!1m3!1d2886.872361483217!2d15.949297076554702!3d43.650823852584004!2m3!1f0!2f0!3f0!3m2!1i1024!2i768!4f13.1!3m3!1m2!1s0x1335235f560ba867%3A0xa15a5de11febf716!2sKamp%20Jasenovo!5e0!3m2!1shr!2shr!4v1712060669501!5m2!1shr!2shr\" width=\"1600\" height=\"600\" style=\"border:0;\" allowfullscreen=\"\" loading=\"lazy\" referrerpolicy=\"no-referrer-when-downgrade\"><\/iframe>\t\t\t\t<\/div>\n\t\t\t\t<\/div>\n\t\t\t\t\t<\/div>\n\t\t<\/div>\n\t\t\t\t\t<\/div>\n\t\t<\/section>\n\t\t\t\t<\/div>\n\t\t","protected":false},"excerpt":{"rendered":"<p>POTREBAN VAM JE ODMOR? ZA VAS SMO TU! Kontaktirajte nas Spremni smo po\u017eeljeti Vam dobrodo\u0161licu u na\u0161u prekrasnu Jadransku pri\u010du Kontaktirajte nas Adresa: Jasenovo 123, \u0160ibenik &#8211; \u017dabori\u0107 Kontakt broj: +385 (0) 91 633 30 16 Email: info@marisoasis.hr Po\u0161aljite nam svoj upit Va\u0161e ime Va\u0161 email Predmet Poruka Please leave this field empty.<\/p>\n","protected":false},"author":1,"featured_media":0,"parent":0,"menu_order":0,"comment_status":"closed","ping_status":"closed","template":"template-wide-content.php","meta":{"cozystay_single_page_hide_site_header":"","cozystay_single_page_site_header_source":"","cozystay_single_page_custom_site_header":"","cozystay_single_page_custom_sticky_site_header":"","cozystay_single_page_hide_page_title":"on","cozystay_single_page_header_section_size":"","cozystay_single_page_header_background_color":"","cozystay_single_page_header_background_position_x":"center","cozystay_single_page_header_background_position_y":"center","cozystay_single_page_header_background_size":"cover","cozystay_single_page_header_background_repeat":"off","cozystay_single_page_header_background_scroll":"on","cozystay_single_page_header_text_color":"","cozystay_single_page_header_show_breadcrumb":"","cozystay_single_page_site_footer_hide_main":"","cozystay_single_custom_site_footer_main_source":"custom","cozystay_single_custom_site_footer_main":"2310","cozystay_single_page_site_footer_hide_above":"","cozystay_single_custom_site_footer_above_source":"","cozystay_single_custom_site_footer_above":"","cozystay_single_page_site_footer_hide_instagram":"","cozystay_single_page_site_footer_hide_bottom":"","cozystay_single_custom_mobile_menu_source":"","cozystay_single_custom_mobile_menu":"","cozystay_single_custom_mobile_menu_animation":"","cozystay_single_custom_mobile_menu_width":"","cozystay_single_custom_mobile_menu_custom_width":375,"footnotes":""},"class_list":["post-75","page","type-page","status-publish","hentry"],"yoast_head":"<!-- This site is optimized with the Yoast SEO plugin v24.8 - https:\/\/yoast.com\/wordpress\/plugins\/seo\/ -->\n<title>Kontakt - Oasis Camping<\/title>\n<meta name=\"description\" content=\"Kontaktirajte nas. Spremni smo po\u017eeljeti Vam dobrodo\u0161licu u na\u0161u prekrasnu Jadransku pri\u010du.\" \/>\n<meta name=\"robots\" content=\"index, follow, max-snippet:-1, max-image-preview:large, max-video-preview:-1\" \/>\n<link rel=\"canonical\" href=\"https:\/\/marisoasis.hr\/oasis-camping\/kontakt\/\" \/>\n<meta property=\"og:locale\" content=\"hr_HR\" \/>\n<meta property=\"og:type\" content=\"article\" \/>\n<meta property=\"og:title\" content=\"Kontakt - Oasis Camping\" \/>\n<meta property=\"og:description\" content=\"Kontaktirajte nas. Spremni smo po\u017eeljeti Vam dobrodo\u0161licu u na\u0161u prekrasnu Jadransku pri\u010du.\" \/>\n<meta property=\"og:url\" content=\"https:\/\/marisoasis.hr\/oasis-camping\/kontakt\/\" \/>\n<meta property=\"og:site_name\" content=\"Oasis Camping\" \/>\n<meta property=\"article:modified_time\" content=\"2024-10-31T08:00:03+00:00\" \/>\n<meta name=\"twitter:card\" content=\"summary_large_image\" \/>\n<meta name=\"twitter:label1\" content=\"Procijenjeno vrijeme \u010ditanja\" \/>\n\t<meta name=\"twitter:data1\" content=\"1 minuta\" \/>\n<script type=\"application\/ld+json\" class=\"yoast-schema-graph\">{\"@context\":\"https:\/\/schema.org\",\"@graph\":[{\"@type\":\"WebPage\",\"@id\":\"https:\/\/marisoasis.hr\/oasis-camping\/kontakt\/\",\"url\":\"https:\/\/marisoasis.hr\/oasis-camping\/kontakt\/\",\"name\":\"Kontakt - Oasis Camping\",\"isPartOf\":{\"@id\":\"https:\/\/marisoasis.hr\/oasis-camping\/#website\"},\"datePublished\":\"2023-03-24T06:55:22+00:00\",\"dateModified\":\"2024-10-31T08:00:03+00:00\",\"description\":\"Kontaktirajte nas. Spremni smo po\u017eeljeti Vam dobrodo\u0161licu u na\u0161u prekrasnu Jadransku pri\u010du.\",\"breadcrumb\":{\"@id\":\"https:\/\/marisoasis.hr\/oasis-camping\/kontakt\/#breadcrumb\"},\"inLanguage\":\"hr\",\"potentialAction\":[{\"@type\":\"ReadAction\",\"target\":[\"https:\/\/marisoasis.hr\/oasis-camping\/kontakt\/\"]}]},{\"@type\":\"BreadcrumbList\",\"@id\":\"https:\/\/marisoasis.hr\/oasis-camping\/kontakt\/#breadcrumb\",\"itemListElement\":[{\"@type\":\"ListItem\",\"position\":1,\"name\":\"NAslovna\",\"item\":\"https:\/\/marisoasis.hr\/oasis-camping\/\"},{\"@type\":\"ListItem\",\"position\":2,\"name\":\"Kontakt\"}]},{\"@type\":\"WebSite\",\"@id\":\"https:\/\/marisoasis.hr\/oasis-camping\/#website\",\"url\":\"https:\/\/marisoasis.hr\/oasis-camping\/\",\"name\":\"Oasis Camping\",\"description\":\"Kamping oaza u srcu Dalmacije\",\"publisher\":{\"@id\":\"https:\/\/marisoasis.hr\/oasis-camping\/#organization\"},\"potentialAction\":[{\"@type\":\"SearchAction\",\"target\":{\"@type\":\"EntryPoint\",\"urlTemplate\":\"https:\/\/marisoasis.hr\/oasis-camping\/?s={search_term_string}\"},\"query-input\":{\"@type\":\"PropertyValueSpecification\",\"valueRequired\":true,\"valueName\":\"search_term_string\"}}],\"inLanguage\":\"hr\"},{\"@type\":\"Organization\",\"@id\":\"https:\/\/marisoasis.hr\/oasis-camping\/#organization\",\"name\":\"Oasis Camping\",\"url\":\"https:\/\/marisoasis.hr\/oasis-camping\/\",\"logo\":{\"@type\":\"ImageObject\",\"inLanguage\":\"hr\",\"@id\":\"https:\/\/marisoasis.hr\/oasis-camping\/#\/schema\/logo\/image\/\",\"url\":\"https:\/\/marisoasis.hr\/oasis-camping\/wp-content\/uploads\/2024\/03\/OASIS_logo-col2.png\",\"contentUrl\":\"https:\/\/marisoasis.hr\/oasis-camping\/wp-content\/uploads\/2024\/03\/OASIS_logo-col2.png\",\"width\":767,\"height\":324,\"caption\":\"Oasis Camping\"},\"image\":{\"@id\":\"https:\/\/marisoasis.hr\/oasis-camping\/#\/schema\/logo\/image\/\"}}]}<\/script>\n<!-- \/ Yoast SEO plugin. -->","yoast_head_json":{"title":"Kontakt - Oasis Camping","description":"Kontaktirajte nas. Spremni smo po\u017eeljeti Vam dobrodo\u0161licu u na\u0161u prekrasnu Jadransku pri\u010du.","robots":{"index":"index","follow":"follow","max-snippet":"max-snippet:-1","max-image-preview":"max-image-preview:large","max-video-preview":"max-video-preview:-1"},"canonical":"https:\/\/marisoasis.hr\/oasis-camping\/kontakt\/","og_locale":"hr_HR","og_type":"article","og_title":"Kontakt - Oasis Camping","og_description":"Kontaktirajte nas. Spremni smo po\u017eeljeti Vam dobrodo\u0161licu u na\u0161u prekrasnu Jadransku pri\u010du.","og_url":"https:\/\/marisoasis.hr\/oasis-camping\/kontakt\/","og_site_name":"Oasis Camping","article_modified_time":"2024-10-31T08:00:03+00:00","twitter_card":"summary_large_image","twitter_misc":{"Procijenjeno vrijeme \u010ditanja":"1 minuta"},"schema":{"@context":"https:\/\/schema.org","@graph":[{"@type":"WebPage","@id":"https:\/\/marisoasis.hr\/oasis-camping\/kontakt\/","url":"https:\/\/marisoasis.hr\/oasis-camping\/kontakt\/","name":"Kontakt - Oasis Camping","isPartOf":{"@id":"https:\/\/marisoasis.hr\/oasis-camping\/#website"},"datePublished":"2023-03-24T06:55:22+00:00","dateModified":"2024-10-31T08:00:03+00:00","description":"Kontaktirajte nas. Spremni smo po\u017eeljeti Vam dobrodo\u0161licu u na\u0161u prekrasnu Jadransku pri\u010du.","breadcrumb":{"@id":"https:\/\/marisoasis.hr\/oasis-camping\/kontakt\/#breadcrumb"},"inLanguage":"hr","potentialAction":[{"@type":"ReadAction","target":["https:\/\/marisoasis.hr\/oasis-camping\/kontakt\/"]}]},{"@type":"BreadcrumbList","@id":"https:\/\/marisoasis.hr\/oasis-camping\/kontakt\/#breadcrumb","itemListElement":[{"@type":"ListItem","position":1,"name":"NAslovna","item":"https:\/\/marisoasis.hr\/oasis-camping\/"},{"@type":"ListItem","position":2,"name":"Kontakt"}]},{"@type":"WebSite","@id":"https:\/\/marisoasis.hr\/oasis-camping\/#website","url":"https:\/\/marisoasis.hr\/oasis-camping\/","name":"Oasis Camping","description":"Kamping oaza u srcu Dalmacije","publisher":{"@id":"https:\/\/marisoasis.hr\/oasis-camping\/#organization"},"potentialAction":[{"@type":"SearchAction","target":{"@type":"EntryPoint","urlTemplate":"https:\/\/marisoasis.hr\/oasis-camping\/?s={search_term_string}"},"query-input":{"@type":"PropertyValueSpecification","valueRequired":true,"valueName":"search_term_string"}}],"inLanguage":"hr"},{"@type":"Organization","@id":"https:\/\/marisoasis.hr\/oasis-camping\/#organization","name":"Oasis Camping","url":"https:\/\/marisoasis.hr\/oasis-camping\/","logo":{"@type":"ImageObject","inLanguage":"hr","@id":"https:\/\/marisoasis.hr\/oasis-camping\/#\/schema\/logo\/image\/","url":"https:\/\/marisoasis.hr\/oasis-camping\/wp-content\/uploads\/2024\/03\/OASIS_logo-col2.png","contentUrl":"https:\/\/marisoasis.hr\/oasis-camping\/wp-content\/uploads\/2024\/03\/OASIS_logo-col2.png","width":767,"height":324,"caption":"Oasis Camping"},"image":{"@id":"https:\/\/marisoasis.hr\/oasis-camping\/#\/schema\/logo\/image\/"}}]}},"_links":{"self":[{"href":"https:\/\/marisoasis.hr\/oasis-camping\/wp-json\/wp\/v2\/pages\/75","targetHints":{"allow":["GET"]}}],"collection":[{"href":"https:\/\/marisoasis.hr\/oasis-camping\/wp-json\/wp\/v2\/pages"}],"about":[{"href":"https:\/\/marisoasis.hr\/oasis-camping\/wp-json\/wp\/v2\/types\/page"}],"author":[{"embeddable":true,"href":"https:\/\/marisoasis.hr\/oasis-camping\/wp-json\/wp\/v2\/users\/1"}],"replies":[{"embeddable":true,"href":"https:\/\/marisoasis.hr\/oasis-camping\/wp-json\/wp\/v2\/comments?post=75"}],"version-history":[{"count":48,"href":"https:\/\/marisoasis.hr\/oasis-camping\/wp-json\/wp\/v2\/pages\/75\/revisions"}],"predecessor-version":[{"id":6119,"href":"https:\/\/marisoasis.hr\/oasis-camping\/wp-json\/wp\/v2\/pages\/75\/revisions\/6119"}],"wp:attachment":[{"href":"https:\/\/marisoasis.hr\/oasis-camping\/wp-json\/wp\/v2\/media?parent=75"}],"curies":[{"name":"wp","href":"https:\/\/api.w.org\/{rel}","templated":true}]}}